{"id":880,"date":"2012-09-23T17:42:58","date_gmt":"2012-09-23T15:42:58","guid":{"rendered":"http:\/\/www.katehetski.zadarskanadbiskupija.hr\/?page_id=880"},"modified":"2024-09-12T16:33:31","modified_gmt":"2024-09-12T14:33:31","slug":"kriteriji-za-mandate","status":"publish","type":"page","link":"https:\/\/www.katehetski.zadarskanadbiskupija.hr\/?page_id=880","title":{"rendered":"Kriteriji za mandate"},"content":{"rendered":"\n<div class=\"wp-block-columns is-layout-flex wp-container-core-columns-is-layout-9d6595d7 wp-block-columns-is-layout-flex\">\n<div class=\"wp-block-column is-layout-flow wp-block-column-is-layout-flow\" style=\"flex-basis:100%\">\n<h3 style=\"text-align: center;\">Katehetski ured Zadarske nadbiskupije<\/h3>\n<h3 style=\"text-align: center;\">mandatno povjerenstvo<\/h3>\n<h3 style=\"text-align: center;\">odre\u0111uje<\/h3>\n<h2 style=\"text-align: center;\">\u00a0<\/h2>\n<h2 style=\"text-align: center;\"><strong>KRITERIJE ZA MANDATE<\/strong><\/h2>\n<p>&nbsp;<\/p>\n<p><strong>A) Uvjeti za\u00a0 trajni mandat:<\/strong><strong>\u00a0<\/strong><\/p>\n<ol>\n<li>Adekvatna diploma<\/li>\n<li>Polo\u017een stru\u010dni ispit<\/li>\n<li>Kvaliteta rada potvr\u0111ena pozitivnim nalazom Stru\u010dno-pedago\u0161kog nadzora od strane Ureda\u00a0(mi\u0161ljenje\/nalaz biskupijskog savjetnika koji ide na uvide svima prije polaganja stru\u010dnog ispita)<\/li>\n<li>Sukladnost \u017eivota, vladanja i pou\u010davanja s naukom Crkve u vjeri i moralu<\/li>\n<li>Suradnja s Katehetskim uredom:<\/li>\n<li>redovito sudjelovanje na stru\u010dnom usavr\u0161avanju kako na nacionalnoj tako na nadbiskupijskoj razini<\/li>\n<li>redovito sudjelovanje na duhovnim obnovama (barem jednom godi\u0161nje jednodnevna) ili duhovnim vje\u017ebama (barem jednom svake druge godine)<\/li>\n<li><strong>suradnja s Katehetskim Uredom, prihva\u0107anje ponuda za zamjene ili stalno radno mjesto (prednost imaju onu koji nisu odbijali navedene ponude a <\/strong>u slu\u010dajevima takvog odbijanja, kandidat se premje\u0161ta na za\u010delje onih koji \u010dekaju).<\/li>\n<li>Preporuka \u017eupnika u kojoj je istaknuta otvorenost za suradnju i pomo\u0107 u \u017eupnoj zajednici (gdje stanuje ili radi) te aktivno sudjelovanje na volonterskom i humanitarnom polju, posebice u liturgijskim doga\u0111ajima u \u017eupi (osobno ili putem molitvenih skupina) \u010dime pokazuje kako te\u017ei trajnoj osobnoj duhovnoj izgradnji.\u00a0<\/li>\n<li>Radni sta\u017e (prednost imaju oni koji imaju ve\u0107e radno iskustvo)<\/li>\n<li>\u00a0Mi\u0161ljenje Ravnatelja \u0161kole u kojoj je vjerou\u010ditelj radio<\/li>\n<\/ol>\n<p>&nbsp;<\/p>\n<p><strong>B) Uvjeti za mandat na odre\u0111eno ili na godinu dana:<\/strong><strong>\u00a0<\/strong><\/p>\n<ol>\n<li>Adekvatna diploma<\/li>\n<li>Uspje\u0161nost s obzirom na vrijeme trajanja studija, prosjek svih ocjena uklju\u010duju\u0107i i diplomski rad<\/li>\n<li>Preporuka od strane VTK\u0160-e ili drugih studijskih programa<\/li>\n<li>Kvaliteta rada na dosada\u0161njim zamjenama<\/li>\n<li>Sukladnost \u017eivota, vladanja i pou\u010davanja s naukom Crkve u vjeri i moralu<\/li>\n<li><strong>Otvorenost u prihva\u0107anju radnog anga\u017emana. Suradnja s Katehetskim Uredom, prihva\u0107anje ponuda za zamjene ili stalno radno mjesto (prednost imaju onu koji nisu odbijali navedene ponude a <\/strong>u slu\u010dajevima takvog odbijanja, kandidat se premje\u0161ta na za\u010delje onih koji \u010dekaju).<\/li>\n<li>Preporuka \u017eupnika u kojoj je istaknuta otvorenost za suradnju i pomo\u0107 u \u017eupnoj zajednici (gdje stanuje ili radi), te aktivno sudjelovanje na volonterskom i humanitarnom polju, posebice u liturgijskim doga\u0111ajima u \u017eupi (osobno ili putem molitvenih skupina) \u010dime pokazuje kako te\u017ei trajnoj osobnoj duhovnoj izgradnji.<\/li>\n<\/ol>\n<p>&nbsp;<\/p>\n<p><strong>C) Uvjeti za dobivanje suglasnosti odnosno odobrenja za privremenu zamjenu vjerou\u010ditelja (za apsolvente, ukoliko se uka\u017ee potreba za zamjenom isklju\u010divo u nedostatku dipl. vjerou\u010ditelja):<\/strong><strong>\u00a0<\/strong><\/p>\n<ol>\n<li>Apsolventski status<\/li>\n<li>Preporuka od strane VTK\u0160-e ili drugih studijskih programa<\/li>\n<li>Sukladnost \u017eivota, vladanja i pou\u010davanja vjerou\u010ditelja s naukom Crkve u vjeri i moralu<\/li>\n<li>Preporuka \u017eupnika u kojoj je istaknuta otvorenost za suradnju i pomo\u0107 u \u017eupnoj zajednici (gdje stanuje ili radi), te aktivno sudjelovanje na volonterskom i humanitarnom polju, posebice u liturgijskim doga\u0111ajima u \u017eupi (osobno ili putem molitvenih skupina) \u010dime pokazuje kako te\u017ei trajnoj osobnoj duhovnoj izgradnji.<\/li>\n<\/ol>\n<p><a href=\"https:\/\/www.katehetski.zadarskanadbiskupija.hr\/wp-content\/upLoads\/2012\/07\/MandatiKriterijiKonacno.pdf\" target=\"_blank\" rel=\"noopener\">MandatiKriterijiKonacno<\/a><\/p>\n<p>&nbsp;<\/p>\n<\/div>\n<\/div>\n\n\n\n<p><\/p>\n","protected":false},"excerpt":{"rendered":"<p>Katehetski ured Zadarske nadbiskupije mandatno povjerenstvo odre\u0111uje \u00a0 KRITERIJE ZA MANDATE &nbsp; A) Uvjeti za\u00a0 trajni mandat:\u00a0 Adekvatna diploma Polo\u017een stru\u010dni ispit Kvaliteta rada potvr\u0111ena pozitivnim nalazom Stru\u010dno-pedago\u0161kog nadzora od strane Ureda\u00a0(mi\u0161ljenje\/nalaz biskupijskog savjetnika koji ide na uvide svima prije polaganja stru\u010dnog ispita) Sukladnost \u017eivota, vladanja i pou\u010davanja s naukom Crkve u vjeri i moralu [&hellip;]<\/p>\n","protected":false},"author":1,"featured_media":938,"parent":7,"menu_order":3,"comment_status":"closed","ping_status":"closed","template":"","meta":{"footnotes":""},"class_list":["post-880","page","type-page","status-publish","has-post-thumbnail","hentry"],"_links":{"self":[{"href":"https:\/\/www.katehetski.zadarskanadbiskupija.hr\/index.php?rest_route=\/wp\/v2\/pages\/880","targetHints":{"allow":["GET"]}}],"collection":[{"href":"https:\/\/www.katehetski.zadarskanadbiskupija.hr\/index.php?rest_route=\/wp\/v2\/pages"}],"about":[{"href":"https:\/\/www.katehetski.zadarskanadbiskupija.hr\/index.php?rest_route=\/wp\/v2\/types\/page"}],"author":[{"embeddable":true,"href":"https:\/\/www.katehetski.zadarskanadbiskupija.hr\/index.php?rest_route=\/wp\/v2\/users\/1"}],"replies":[{"embeddable":true,"href":"https:\/\/www.katehetski.zadarskanadbiskupija.hr\/index.php?rest_route=%2Fwp%2Fv2%2Fcomments&post=880"}],"version-history":[{"count":5,"href":"https:\/\/www.katehetski.zadarskanadbiskupija.hr\/index.php?rest_route=\/wp\/v2\/pages\/880\/revisions"}],"predecessor-version":[{"id":7173,"href":"https:\/\/www.katehetski.zadarskanadbiskupija.hr\/index.php?rest_route=\/wp\/v2\/pages\/880\/revisions\/7173"}],"up":[{"embeddable":true,"href":"https:\/\/www.katehetski.zadarskanadbiskupija.hr\/index.php?rest_route=\/wp\/v2\/pages\/7"}],"wp:featuredmedia":[{"embeddable":true,"href":"https:\/\/www.katehetski.zadarskanadbiskupija.hr\/index.php?rest_route=\/wp\/v2\/media\/938"}],"wp:attachment":[{"href":"https:\/\/www.katehetski.zadarskanadbiskupija.hr\/index.php?rest_route=%2Fwp%2Fv2%2Fmedia&parent=880"}],"curies":[{"name":"wp","href":"https:\/\/api.w.org\/{rel}","templated":true}]}}