{"id":853,"date":"2012-09-12T12:41:48","date_gmt":"2012-09-12T11:41:48","guid":{"rendered":"http:\/\/www.katehetski.zadarskanadbiskupija.hr\/?page_id=853"},"modified":"2017-10-15T23:04:46","modified_gmt":"2017-10-15T21:04:46","slug":"osnovna-skola","status":"publish","type":"page","link":"https:\/\/www.katehetski.zadarskanadbiskupija.hr\/?page_id=853","title":{"rendered":"Plan i program za osnovnu \u0161kolu"},"content":{"rendered":"<p>Obnovljeni<em>\u00a0Plan i program katoli\u010dkoga vjeronauka u osnovnoj \u0161koli\u00a0<\/em>1998. objavljen je 1998.<\/p>\n<p>U izmijenjenom i dopunjenom Programu donosimo bitna teolo\u0161ko-antropolo\u0161ka te specifi\u010dna religiozno-pedago\u0161ka i teolo\u0161ko-katehetska polazi\u0161ta Katoli\u010dke crkve, koja su sadr\u017eana u navedenim dokumentima Crkve i koja su ne\u0161to \u0161ire, samo u nekim dijelovima, izlo\u017eena u dosada\u0161njem Planu i programu.<\/p>\n<div>\n<p><a href=\"http:\/\/www.nku.hbk.hr\/images\/pdf_documents\/plan_i_program-OS_sluzbeni.pdf\" target=\"_blank\" rel=\"noopener\">Program katoli\u010dkoga vjeronauka u osnovnim \u0161kolama u pdf-<\/a>\u00a0 (preuzeto sa: www.nku.hbk.hr)<\/p>\n<p>&nbsp;<\/p>\n<\/div>\n<p style=\"text-align: left;\"><strong>Godi\u0161nji plan i program iz vjeronauka za osnovnu \u0161kolu,\u00a0\u0161k. god. 2013.\/2014.<\/strong><\/p>\n<p><em>Godi\u0161nji plan i program iz vjeronauka za osnovnu \u0161kolu,\u00a0\u0161k. god. 2013.\/2014.<\/em>\u00a0izradio je za svoju \u0161kolu vjerou\u010ditelj Sini\u0161a Mi\u0161i\u0107. Mnogi vjerou\u010ditelji su ga molili da im po\u0161alje svoj primjerak, pa ga &#8211; po \u017eelji i dobroj volji autora- objavljujemo na na\u0161em portalu.<\/p>\n<p>&#8220;Radujem se ako sam ovim pomogao olak\u0161ati rad svojih kolega, osobito mla\u0111ih koji po\u010dinju sticati katehetska iskustva&#8221; isti\u010de vjerou\u010ditelja Mi\u0161i\u0107.<\/p>\n<p>Plan i program iz vjeronauka za \u0161k.god. 2013._2014.\u00a0mo\u017eete preuzeti ovdje:\u00a0<a href=\"http:\/\/www.katehetski.zadarskanadbiskupija.hr\/wp-content\/upLoads\/Plan-i-program-iz-vjeronauka_za_sk.god_.2013._2014..pdf\">OVDJE<\/a><\/p>\n","protected":false},"excerpt":{"rendered":"<p>Obnovljeni\u00a0Plan i program katoli\u010dkoga vjeronauka u osnovnoj \u0161koli\u00a01998. objavljen je 1998. U izmijenjenom i dopunjenom Programu donosimo bitna teolo\u0161ko-antropolo\u0161ka te specifi\u010dna religiozno-pedago\u0161ka i teolo\u0161ko-katehetska polazi\u0161ta Katoli\u010dke crkve, koja su sadr\u017eana u navedenim dokumentima Crkve i koja su ne\u0161to \u0161ire, samo u nekim dijelovima, izlo\u017eena u dosada\u0161njem Planu i programu. Program katoli\u010dkoga vjeronauka u osnovnim \u0161kolama [&hellip;]<\/p>\n","protected":false},"author":1,"featured_media":0,"parent":12,"menu_order":3,"comment_status":"closed","ping_status":"closed","template":"","meta":{"footnotes":""},"class_list":["post-853","page","type-page","status-publish","hentry"],"_links":{"self":[{"href":"https:\/\/www.katehetski.zadarskanadbiskupija.hr\/index.php?rest_route=\/wp\/v2\/pages\/853","targetHints":{"allow":["GET"]}}],"collection":[{"href":"https:\/\/www.katehetski.zadarskanadbiskupija.hr\/index.php?rest_route=\/wp\/v2\/pages"}],"about":[{"href":"https:\/\/www.katehetski.zadarskanadbiskupija.hr\/index.php?rest_route=\/wp\/v2\/types\/page"}],"author":[{"embeddable":true,"href":"https:\/\/www.katehetski.zadarskanadbiskupija.hr\/index.php?rest_route=\/wp\/v2\/users\/1"}],"replies":[{"embeddable":true,"href":"https:\/\/www.katehetski.zadarskanadbiskupija.hr\/index.php?rest_route=%2Fwp%2Fv2%2Fcomments&post=853"}],"version-history":[{"count":16,"href":"https:\/\/www.katehetski.zadarskanadbiskupija.hr\/index.php?rest_route=\/wp\/v2\/pages\/853\/revisions"}],"predecessor-version":[{"id":4593,"href":"https:\/\/www.katehetski.zadarskanadbiskupija.hr\/index.php?rest_route=\/wp\/v2\/pages\/853\/revisions\/4593"}],"up":[{"embeddable":true,"href":"https:\/\/www.katehetski.zadarskanadbiskupija.hr\/index.php?rest_route=\/wp\/v2\/pages\/12"}],"wp:attachment":[{"href":"https:\/\/www.katehetski.zadarskanadbiskupija.hr\/index.php?rest_route=%2Fwp%2Fv2%2Fmedia&parent=853"}],"curies":[{"name":"wp","href":"https:\/\/api.w.org\/{rel}","templated":true}]}}