{"id":862,"date":"2012-09-19T10:29:13","date_gmt":"2012-09-19T08:29:13","guid":{"rendered":"http:\/\/www.katehetski.zadarskanadbiskupija.hr\/?page_id=862"},"modified":"2024-09-13T11:04:59","modified_gmt":"2024-09-13T09:04:59","slug":"dokumenti-potrebni-za-mandat","status":"publish","type":"page","link":"http:\/\/www.katehetski.zadarskanadbiskupija.hr\/?page_id=862","title":{"rendered":"Dokumenti potrebni za Mandat"},"content":{"rendered":"<p><strong>ZADARSKA NADBISKUPIJA<\/strong><\/p>\n<p><strong>Archidioecesis Jadrensis<\/strong><\/p>\n<p><strong>KATEHETSKI URED<\/strong><\/p>\n<p><strong>HR &#8211; 23 000\u00a0\u00a0 Zadar, Jurja Bijankinija 2<\/strong><\/p>\n<p><strong>tel.: 023 208 &#8211; 632<\/strong><\/p>\n<p><strong>email: <a href=\"mailto:katehetski@zadarskanadbiskupija.hr\" target=\"_blank\" rel=\"noopener noreferrer\">katehetski@zadarskanadbiskupija.hr<\/a>; ili <a href=\"mailto:ku.zadar@gmail.com\">ku.zadar@gmail.com<\/a><\/strong><\/p>\n<p><strong>\u00a0<\/strong><\/p>\n<p><strong>\u00a0<\/strong><strong>\u00a0<\/strong>Dokumenti potrebni za izdavanje <span style=\"text-decoration: underline;\">novog<\/span> kanonskog mandata vjerou\u010diteljima i odgojiteljima u vjeri<\/p>\n<p align=\"center\"><strong>(za one koji prvi put tra\u017ee mandat)<\/strong><\/p>\n<ol>\n<li>Zamolba (navesti adresu, e-mail, kontakt telefone; zamolbu vlastoru\u010dno potpisati!).<\/li>\n<li>\u017divotopis.<\/li>\n<li>Mi\u0161ljenje vlastitog \u017eupnika (redovnici\/e donose preporuku ku\u0107nog poglavara\/ice)<\/li>\n<li>Krsni list (original, ne stariji od godinu dana).<\/li>\n<li>Kopija domovnice \u2013 ne treba biti ovjerena.<\/li>\n<li>Kopija diplome \u2013 ne treba biti ovjerena, odnosno potvrda o postignutom apsolventskom statusu s navedenim brojem ispita.<\/li>\n<li>Preslika cijelog indeksa.<\/li>\n<li>Prosjek ocjena.<\/li>\n<li>Preporuka profesora (Teolo\u0161ki fakultet, \u2026&#8230;)<\/li>\n<li>Kopija osobne iskaznice<\/li>\n<li>Jedna slika<\/li>\n<li>Vjerou\u010ditelji koji su bili anga\u017eirani na podru\u010dju druge biskupije donose preporuku Katehetskog ureda iz te biskupije.<\/li>\n<\/ol>\n<p><strong>\u00a0<a href=\"https:\/\/www.katehetski.zadarskanadbiskupija.hr\/?page_id=880\" target=\"_blank\" rel=\"noopener\">Kriteriji za mandate<\/a><\/strong><\/p>\n","protected":false},"excerpt":{"rendered":"<p>ZADARSKA NADBISKUPIJA Archidioecesis Jadrensis KATEHETSKI URED HR &#8211; 23 000\u00a0\u00a0 Zadar, Jurja Bijankinija 2 tel.: 023 208 &#8211; 632 email: katehetski@zadarskanadbiskupija.hr; ili ku.zadar@gmail.com \u00a0 \u00a0\u00a0Dokumenti potrebni za izdavanje novog kanonskog mandata vjerou\u010diteljima i odgojiteljima u vjeri (za one koji prvi put tra\u017ee mandat) Zamolba (navesti adresu, e-mail, kontakt telefone; zamolbu vlastoru\u010dno potpisati!). \u017divotopis. Mi\u0161ljenje vlastitog [&hellip;]<\/p>\n","protected":false},"author":1,"featured_media":0,"parent":7,"menu_order":2,"comment_status":"closed","ping_status":"closed","template":"","meta":{"footnotes":""},"class_list":["post-862","page","type-page","status-publish","hentry"],"_links":{"self":[{"href":"http:\/\/www.katehetski.zadarskanadbiskupija.hr\/index.php?rest_route=\/wp\/v2\/pages\/862","targetHints":{"allow":["GET"]}}],"collection":[{"href":"http:\/\/www.katehetski.zadarskanadbiskupija.hr\/index.php?rest_route=\/wp\/v2\/pages"}],"about":[{"href":"http:\/\/www.katehetski.zadarskanadbiskupija.hr\/index.php?rest_route=\/wp\/v2\/types\/page"}],"author":[{"embeddable":true,"href":"http:\/\/www.katehetski.zadarskanadbiskupija.hr\/index.php?rest_route=\/wp\/v2\/users\/1"}],"replies":[{"embeddable":true,"href":"http:\/\/www.katehetski.zadarskanadbiskupija.hr\/index.php?rest_route=%2Fwp%2Fv2%2Fcomments&post=862"}],"version-history":[{"count":10,"href":"http:\/\/www.katehetski.zadarskanadbiskupija.hr\/index.php?rest_route=\/wp\/v2\/pages\/862\/revisions"}],"predecessor-version":[{"id":7206,"href":"http:\/\/www.katehetski.zadarskanadbiskupija.hr\/index.php?rest_route=\/wp\/v2\/pages\/862\/revisions\/7206"}],"up":[{"embeddable":true,"href":"http:\/\/www.katehetski.zadarskanadbiskupija.hr\/index.php?rest_route=\/wp\/v2\/pages\/7"}],"wp:attachment":[{"href":"http:\/\/www.katehetski.zadarskanadbiskupija.hr\/index.php?rest_route=%2Fwp%2Fv2%2Fmedia&parent=862"}],"curies":[{"name":"wp","href":"https:\/\/api.w.org\/{rel}","templated":true}]}}