{"id":7,"date":"2011-11-24T08:55:28","date_gmt":"2011-11-24T07:55:28","guid":{"rendered":"http:\/\/www.katehetski.zadarskanadbiskupija.hr\/?page_id=7"},"modified":"2022-02-28T12:33:03","modified_gmt":"2022-02-28T11:33:03","slug":"ured","status":"publish","type":"page","link":"http:\/\/www.katehetski.zadarskanadbiskupija.hr\/?page_id=7","title":{"rendered":"O nama"},"content":{"rendered":"<p><strong>\u0160TO JE KATEHETSKI URED?<\/strong><\/p>\n<div>\n<p><strong>Biskupijski katehetski ured\u00a0<\/strong>je \u201ctijelo s kojim biskup, glava zajednice i u\u010ditelj nauka, upravlja i predsjeda svim katehetskim djelatnostima biskupije\u201d (OKD 126)<\/p>\n<p>Kateheza je temeljna djelatnost u \u017eivotu mjesne Crkve te stoga nijedna biskupija ne mo\u017ee biti bez vlastitog katehetskog ureda (usp. ODK 267).<\/p>\n<p>Prema Op\u0107em direktoriju za katehezu (usp. ODK 266), glavne zada\u0107e biskupijskog katehetskog ureda su slijede\u0107e:<\/p>\n<ul>\n<li>analiziranje biskupijskih prilika u odnosu na vjerski odgoj i stvarnih potreba biskupije s obzirom na katehetsku praksu<\/li>\n<li>izra\u0111ivanje plana i programa djelovanja<\/li>\n<li>formacija i trajno usavr\u0161avanje kateheta<\/li>\n<li>izra\u0111ivanje i prikupljanje sredstava potrebnih za katehetski rad<\/li>\n<li>pokretanje i promicanje stvarnih katehetskih institucija (\u017eupna kateheza, \u0161kolski vjeronauk, vjerski odgoj u pred\u0161kolskim ustanovama, vjerski odgoj u centrima za osobe s posebnim potrebama, krsni katekumenat, itd.)<\/li>\n<li>suradnja s biskupijskim liturgijskim uredom<\/li>\n<\/ul>\n<p lang=\"hr-HR\"><strong><br \/>\nZADACI KATEHETSKOG UREDA ZADARSKE NADBISKUPIJE<\/strong><\/p>\n<p><strong>Katehetski ured Zadarske nadbiskupije<\/strong>, u skladu s potrebama na\u0161e mjesne Crkve, vodi posebnu brigu o \u0161kolskom vjeronauku u na\u0161oj nadbiskupiji. Na podru\u010dju nadbiskupije djeluju osnovne i srednje \u0161kole. U tom smislu, glavne zada\u0107e Katehetskog ureda zadarske nadbiskupije su sljede\u0107e:<\/p>\n<ul>\n<li>raspored vjerou\u010ditelja po \u0161kolama<\/li>\n<li>trajno usavr\u0161avanje vjerou\u010ditelja kroz organiziranje stru\u010dnih skupova na nadbiskupijskoj razini<\/li>\n<li>redoviti stru\u010dno-pedago\u0161ki nadzor nastave vjeronauka<\/li>\n<li>godi\u0161nja duhovna obnova za vjerou\u010ditelje laike<\/li>\n<\/ul>\n<p>Katehetskim uredom\u00a0upravlja\u00a0Predstojnik Katehetskog ureda.\u00a0U radu mu poma\u017eu: tajnica, savjetnica, mentori i voditelji stru\u010dnih vije\u0107a\u2026<\/p>\n<\/div>\n","protected":false},"excerpt":{"rendered":"<p>\u0160TO JE KATEHETSKI URED? Biskupijski katehetski ured\u00a0je \u201ctijelo s kojim biskup, glava zajednice i u\u010ditelj nauka, upravlja i predsjeda svim katehetskim djelatnostima biskupije\u201d (OKD 126) Kateheza je temeljna djelatnost u \u017eivotu mjesne Crkve te stoga nijedna biskupija ne mo\u017ee biti bez vlastitog katehetskog ureda (usp. ODK 267). Prema Op\u0107em direktoriju za katehezu (usp. ODK 266), [&hellip;]<\/p>\n","protected":false},"author":1,"featured_media":0,"parent":0,"menu_order":10,"comment_status":"closed","ping_status":"closed","template":"","meta":{"footnotes":""},"class_list":["post-7","page","type-page","status-publish","hentry"],"_links":{"self":[{"href":"http:\/\/www.katehetski.zadarskanadbiskupija.hr\/index.php?rest_route=\/wp\/v2\/pages\/7","targetHints":{"allow":["GET"]}}],"collection":[{"href":"http:\/\/www.katehetski.zadarskanadbiskupija.hr\/index.php?rest_route=\/wp\/v2\/pages"}],"about":[{"href":"http:\/\/www.katehetski.zadarskanadbiskupija.hr\/index.php?rest_route=\/wp\/v2\/types\/page"}],"author":[{"embeddable":true,"href":"http:\/\/www.katehetski.zadarskanadbiskupija.hr\/index.php?rest_route=\/wp\/v2\/users\/1"}],"replies":[{"embeddable":true,"href":"http:\/\/www.katehetski.zadarskanadbiskupija.hr\/index.php?rest_route=%2Fwp%2Fv2%2Fcomments&post=7"}],"version-history":[{"count":23,"href":"http:\/\/www.katehetski.zadarskanadbiskupija.hr\/index.php?rest_route=\/wp\/v2\/pages\/7\/revisions"}],"predecessor-version":[{"id":6478,"href":"http:\/\/www.katehetski.zadarskanadbiskupija.hr\/index.php?rest_route=\/wp\/v2\/pages\/7\/revisions\/6478"}],"wp:attachment":[{"href":"http:\/\/www.katehetski.zadarskanadbiskupija.hr\/index.php?rest_route=%2Fwp%2Fv2%2Fmedia&parent=7"}],"curies":[{"name":"wp","href":"https:\/\/api.w.org\/{rel}","templated":true}]}}