{"id":58,"date":"2010-11-04T10:41:58","date_gmt":"2010-11-04T09:41:58","guid":{"rendered":"http:\/\/www.katehetski.zadarskanadbiskupija.hr\/?page_id=58"},"modified":"2021-09-29T17:10:47","modified_gmt":"2021-09-29T15:10:47","slug":"krizmanici","status":"publish","type":"page","link":"http:\/\/www.katehetski.zadarskanadbiskupija.hr\/?page_id=58","title":{"rendered":"Krizmanici"},"content":{"rendered":"\n<p><strong>PLAN I PROGRAM<\/strong><\/p>\n\n\n\n<p><strong>PRVA GODINA PRIPRAVE KANDIDATA ZA SLAVLJE SV. POTVRDE<\/strong><\/p>\n\n\n\n<p><strong>Potvr\u0111eni za \u017eivot u punini<\/strong><br><a href=\"http:\/\/www.katehetski.zadarskanadbiskupija.hr\/wp-content\/upLoads\/2021\/09\/PRIRUCNIK-ZA-KRIZMANIKE-1.-godina-pripreme_compressed-1.6-MB.pdf\" data-type=\"URL\" data-id=\"http:\/\/www.katehetski.zadarskanadbiskupija.hr\/wp-content\/upLoads\/2021\/09\/PRIRUCNIK-ZA-KRIZMANIKE-1.-godina-pripreme_compressed-1.6-MB.pdf\">Priru\u010dnik za krizmanike, 2021.<\/a><\/p>\n\n\n\n<p><strong>Priru\u010dnik za katehete, 2020.<\/strong><br><a href=\"http:\/\/www.katehetski.zadarskanadbiskupija.hr\/wp-content\/upLoads\/2021\/09\/01.-POZIV-U-ZIVOT.pdf\" data-type=\"URL\" data-id=\"http:\/\/www.katehetski.zadarskanadbiskupija.hr\/wp-content\/upLoads\/2021\/09\/01.-POZIV-U-ZIVOT.pdf\">1. Tema &#8211; Prijedlog za pripremu katehetskog susreta<\/a><br><a href=\"http:\/\/www.katehetski.zadarskanadbiskupija.hr\/wp-content\/upLoads\/2021\/09\/02.-PRIHVACANJE-SEBE.pdf\" data-type=\"URL\" data-id=\"http:\/\/www.katehetski.zadarskanadbiskupija.hr\/wp-content\/upLoads\/2021\/09\/02.-PRIHVACANJE-SEBE.pdf\">2. Tema &#8211; Prijedlog za pripremu katehetskog susreta<\/a><br><a href=\"http:\/\/www.katehetski.zadarskanadbiskupija.hr\/wp-content\/upLoads\/2021\/09\/03.-NEODGOVORNOST.pdf\" data-type=\"URL\" data-id=\"http:\/\/www.katehetski.zadarskanadbiskupija.hr\/wp-content\/upLoads\/2021\/09\/03.-NEODGOVORNOST.pdf\">3. Tema &#8211; Prijedlog za pripremu katehetskog susreta<\/a><br><a href=\"http:\/\/www.katehetski.zadarskanadbiskupija.hr\/wp-content\/upLoads\/2021\/09\/04.-ZIVOTNE-TESKOCE.pdf\" data-type=\"URL\" data-id=\"http:\/\/www.katehetski.zadarskanadbiskupija.hr\/wp-content\/upLoads\/2021\/09\/04.-ZIVOTNE-TESKOCE.pdf\">4. Tema &#8211; Prijedlog za pripremu katehetskog susreta<br><\/a><a href=\"http:\/\/www.katehetski.zadarskanadbiskupija.hr\/wp-content\/upLoads\/2021\/09\/05.-MOLITVA.pdf\" data-type=\"URL\" data-id=\"http:\/\/www.katehetski.zadarskanadbiskupija.hr\/wp-content\/upLoads\/2021\/09\/05.-MOLITVA.pdf\">5. Tema &#8211; Prijedlog za pripremu katehetskog susreta<\/a><br><a href=\"http:\/\/www.katehetski.zadarskanadbiskupija.hr\/wp-content\/upLoads\/2021\/09\/06.-MOLITI-S-BIBLIJOM.pdf\" data-type=\"URL\" data-id=\"http:\/\/www.katehetski.zadarskanadbiskupija.hr\/wp-content\/upLoads\/2021\/09\/06.-MOLITI-S-BIBLIJOM.pdf\">6. Tema &#8211; Prijedlog za pripremu katehetskog susreta<\/a><br><a href=\"http:\/\/www.katehetski.zadarskanadbiskupija.hr\/wp-content\/upLoads\/2021\/09\/07.-TRAD.-OBLICI-MOLITVE.pdf\" data-type=\"URL\" data-id=\"http:\/\/www.katehetski.zadarskanadbiskupija.hr\/wp-content\/upLoads\/2021\/09\/07.-TRAD.-OBLICI-MOLITVE.pdf\">7. Tema &#8211; Prijedlog za pripremu katehetskog susreta <\/a> <a href=\"http:\/\/www.katehetski.zadarskanadbiskupija.hr\/wp-content\/upLoads\/2021\/09\/05.-MOLITVA.pdf\" data-type=\"URL\" data-id=\"http:\/\/www.katehetski.zadarskanadbiskupija.hr\/wp-content\/upLoads\/2021\/09\/05.-MOLITVA.pdf\"><br><\/a><a href=\"http:\/\/www.katehetski.zadarskanadbiskupija.hr\/wp-content\/upLoads\/2021\/09\/08.-STVORENI-ZA-ZAJEDNISTVO.pdf\" data-type=\"URL\" data-id=\"http:\/\/www.katehetski.zadarskanadbiskupija.hr\/wp-content\/upLoads\/2021\/09\/08.-STVORENI-ZA-ZAJEDNISTVO.pdf\">8. Tema &#8211; Prijedlog za pripremu katehetskog susreta <\/a><br><a href=\"http:\/\/www.katehetski.zadarskanadbiskupija.hr\/wp-content\/upLoads\/2021\/09\/09.-POZIV-U-ZAJEDNISTVO.pdf\" data-type=\"URL\" data-id=\"http:\/\/www.katehetski.zadarskanadbiskupija.hr\/wp-content\/upLoads\/2021\/09\/09.-POZIV-U-ZAJEDNISTVO.pdf\">9. Tema &#8211; Prijedlog za pripremu katehetskog susreta<\/a> <br><a href=\"http:\/\/www.katehetski.zadarskanadbiskupija.hr\/wp-content\/upLoads\/2021\/09\/10.-COVJEKOV-ODGOVOR-GRIJEH.pdf\" data-type=\"URL\" data-id=\"http:\/\/www.katehetski.zadarskanadbiskupija.hr\/wp-content\/upLoads\/2021\/09\/10.-COVJEKOV-ODGOVOR-GRIJEH.pdf\">10. Tema &#8211; Prijedlog za pripremu katehetskog susreta <\/a><br><a href=\"http:\/\/www.katehetski.zadarskanadbiskupija.hr\/wp-content\/upLoads\/2021\/09\/11.-ISUS-KRIST-SPASITELJ.pdf\" data-type=\"URL\" data-id=\"http:\/\/www.katehetski.zadarskanadbiskupija.hr\/wp-content\/upLoads\/2021\/09\/11.-ISUS-KRIST-SPASITELJ.pdf\">11. Tema &#8211; Prijedlog za pripremu katehetskog susreta <\/a><br><a href=\"http:\/\/www.katehetski.zadarskanadbiskupija.hr\/wp-content\/upLoads\/2021\/09\/12.-POZIV-NA-SVETOST.pdf\" data-type=\"URL\" data-id=\"http:\/\/www.katehetski.zadarskanadbiskupija.hr\/wp-content\/upLoads\/2021\/09\/12.-POZIV-NA-SVETOST.pdf\">12. Tema &#8211; Prijedlog za pripremu katehetskog susreta <\/a><br><a href=\"http:\/\/www.katehetski.zadarskanadbiskupija.hr\/wp-content\/upLoads\/2021\/09\/13.-GRADITI-CIVILIZACIJU-LJUBAVI.pdf\" data-type=\"URL\" data-id=\"http:\/\/www.katehetski.zadarskanadbiskupija.hr\/wp-content\/upLoads\/2021\/09\/13.-GRADITI-CIVILIZACIJU-LJUBAVI.pdf\">13. Tema &#8211; Prijedlog za pripremu katehetskog susreta <\/a><br><a href=\"http:\/\/www.katehetski.zadarskanadbiskupija.hr\/wp-content\/upLoads\/2021\/09\/14.-BLIZNJI-KAO-DAR.pdf\" data-type=\"URL\" data-id=\"http:\/\/www.katehetski.zadarskanadbiskupija.hr\/wp-content\/upLoads\/2021\/09\/14.-BLIZNJI-KAO-DAR.pdf\">14. Tema &#8211; Prijedlog za pripremu katehetskog susreta <\/a><br><a href=\"http:\/\/www.katehetski.zadarskanadbiskupija.hr\/wp-content\/upLoads\/2021\/09\/15.-ZIVOT-U-SLOBODI.pdf\" data-type=\"URL\" data-id=\"http:\/\/www.katehetski.zadarskanadbiskupija.hr\/wp-content\/upLoads\/2021\/09\/15.-ZIVOT-U-SLOBODI.pdf\">15. Tema &#8211; Prijedlog za pripremu katehetskog susreta <\/a><br><a href=\"http:\/\/www.katehetski.zadarskanadbiskupija.hr\/wp-content\/upLoads\/2021\/09\/16.-KRSC.-POSTIVANJE-RAZLICITOSTI.pdf\" data-type=\"URL\" data-id=\"http:\/\/www.katehetski.zadarskanadbiskupija.hr\/wp-content\/upLoads\/2021\/09\/16.-KRSC.-POSTIVANJE-RAZLICITOSTI.pdf\">16. Tema &#8211; Prijedlog za pripremu katehetskog susreta <\/a><br><a href=\"http:\/\/www.katehetski.zadarskanadbiskupija.hr\/wp-content\/upLoads\/2021\/09\/17.-POCETAK-ZIVOTA.pdf\" data-type=\"URL\" data-id=\"http:\/\/www.katehetski.zadarskanadbiskupija.hr\/wp-content\/upLoads\/2021\/09\/17.-POCETAK-ZIVOTA.pdf\">17. Tema &#8211; Prijedlog za pripremu katehetskog susreta <\/a><br><a href=\"http:\/\/www.katehetski.zadarskanadbiskupija.hr\/wp-content\/upLoads\/2021\/09\/18.-NEODGOVORNO-ZIVLJENJE-SPOLNOSTI.pdf\" data-type=\"URL\" data-id=\"http:\/\/www.katehetski.zadarskanadbiskupija.hr\/wp-content\/upLoads\/2021\/09\/18.-NEODGOVORNO-ZIVLJENJE-SPOLNOSTI.pdf\">18. Tema &#8211; Prijedlog za pripremu katehetskog susreta <\/a><br><a href=\"http:\/\/www.katehetski.zadarskanadbiskupija.hr\/wp-content\/upLoads\/2021\/09\/19.-NESTO-O-KRAJU-ZIVOTA.pdf\" data-type=\"URL\" data-id=\"http:\/\/www.katehetski.zadarskanadbiskupija.hr\/wp-content\/upLoads\/2021\/09\/19.-NESTO-O-KRAJU-ZIVOTA.pdf\">19. Tema &#8211; Prijedlog za pripremu katehetskog susreta <\/a><br><a href=\"http:\/\/www.katehetski.zadarskanadbiskupija.hr\/wp-content\/upLoads\/2021\/09\/20.-MOJA-SKALA-VREDNOTA.pdf\" data-type=\"URL\" data-id=\"http:\/\/www.katehetski.zadarskanadbiskupija.hr\/wp-content\/upLoads\/2021\/09\/20.-MOJA-SKALA-VREDNOTA.pdf\">20. Tema &#8211; Prijedlog za pripremu katehetskog susreta<\/a><\/p>\n\n\n\n<p><strong>DRUGA GODINA PRIPRAVE KANDIDATA ZA SLAVLJE SV. POTVRDE<\/strong><\/p>\n\n\n\n<p><\/p>\n","protected":false},"excerpt":{"rendered":"<p>PLAN I PROGRAM PRVA GODINA PRIPRAVE KANDIDATA ZA SLAVLJE SV. POTVRDE Potvr\u0111eni za \u017eivot u puniniPriru\u010dnik za krizmanike, 2021. Priru\u010dnik za katehete, 2020.1. Tema &#8211; Prijedlog za pripremu katehetskog susreta2. Tema &#8211; Prijedlog za pripremu katehetskog susreta3. Tema &#8211; Prijedlog za pripremu katehetskog susreta4. Tema &#8211; Prijedlog za pripremu katehetskog susreta5. Tema &#8211; Prijedlog za [&hellip;]<\/p>\n","protected":false},"author":1,"featured_media":0,"parent":26,"menu_order":52,"comment_status":"closed","ping_status":"closed","template":"","meta":{"footnotes":""},"class_list":["post-58","page","type-page","status-publish","hentry"],"_links":{"self":[{"href":"http:\/\/www.katehetski.zadarskanadbiskupija.hr\/index.php?rest_route=\/wp\/v2\/pages\/58","targetHints":{"allow":["GET"]}}],"collection":[{"href":"http:\/\/www.katehetski.zadarskanadbiskupija.hr\/index.php?rest_route=\/wp\/v2\/pages"}],"about":[{"href":"http:\/\/www.katehetski.zadarskanadbiskupija.hr\/index.php?rest_route=\/wp\/v2\/types\/page"}],"author":[{"embeddable":true,"href":"http:\/\/www.katehetski.zadarskanadbiskupija.hr\/index.php?rest_route=\/wp\/v2\/users\/1"}],"replies":[{"embeddable":true,"href":"http:\/\/www.katehetski.zadarskanadbiskupija.hr\/index.php?rest_route=%2Fwp%2Fv2%2Fcomments&post=58"}],"version-history":[{"count":34,"href":"http:\/\/www.katehetski.zadarskanadbiskupija.hr\/index.php?rest_route=\/wp\/v2\/pages\/58\/revisions"}],"predecessor-version":[{"id":6348,"href":"http:\/\/www.katehetski.zadarskanadbiskupija.hr\/index.php?rest_route=\/wp\/v2\/pages\/58\/revisions\/6348"}],"up":[{"embeddable":true,"href":"http:\/\/www.katehetski.zadarskanadbiskupija.hr\/index.php?rest_route=\/wp\/v2\/pages\/26"}],"wp:attachment":[{"href":"http:\/\/www.katehetski.zadarskanadbiskupija.hr\/index.php?rest_route=%2Fwp%2Fv2%2Fmedia&parent=58"}],"curies":[{"name":"wp","href":"https:\/\/api.w.org\/{rel}","templated":true}]}}