{"id":3002,"date":"2015-02-15T11:45:21","date_gmt":"2015-02-15T10:45:21","guid":{"rendered":"http:\/\/www.katehetski.zadarskanadbiskupija.hr\/?page_id=3002"},"modified":"2025-10-02T09:44:13","modified_gmt":"2025-10-02T07:44:13","slug":"diplomirani-nezaposleni-vjeroucitelji","status":"publish","type":"page","link":"http:\/\/www.katehetski.zadarskanadbiskupija.hr\/?page_id=3002","title":{"rendered":"Ostali vjerou\u010ditelji"},"content":{"rendered":"<p style=\"text-align: center;\">Lista OSTALIH vjerou\u010ditelja u \u0161kolskoj godini 2024.\/2025.<\/p>\n<p>VJEROU\u010cITELJI S MANDATOM NA ODRE\u0110ENO:<\/p>\n<ol>\n<li>Du\u0161kovi\u0107, An\u0111elo<\/li>\n<li>Marceli\u0107, Nino<\/li>\n<li>Rogi\u0107, Vice<\/li>\n<\/ol>\n<p>&nbsp;<\/p>\n<p><span style=\"font-size: revert; color: initial;\">VJEROU\u010cITELJI S ODOBRENJEM ZA RAD:<\/span><\/p>\n<ol>\n<li>Bobi\u0107, Duje<\/li>\n<li>Glasnovi\u0107, Jakov<\/li>\n<li>Glasnovi\u0107, Nikolina<\/li>\n<li>\u0106ibari\u0107, Marija<\/li>\n<li>Knez, Josip<\/li>\n<li>Kova\u010d, Ivana<\/li>\n<li>Mandi\u0107, Daniela<\/li>\n<li>Mio\u010di\u0107, Meri<\/li>\n<li>Rogi\u0107, Tea<\/li>\n<li>Vedri\u0107, Luka<\/li>\n<li>Vuleti\u0107, Julija<\/li>\n<\/ol>\n<p><span style=\"font-size: revert; color: initial;\">VJEROU\u010cITELJI BEZ S ODOBRENJA ZA RAD (zbog nepolo\u017eenog stru\u010dnog ispita):<\/span><\/p>\n<ol>\n<li>Ivani\u0107, Ana Marija<\/li>\n<\/ol>\n<p><span style=\"font-size: revert; color: initial;\">VJEROU\u010cITELJI KOJI SU ZAMRZNULI MANDAT:<\/span><\/p>\n<ol>\n<li>Skro\u010de, Paola (zbog odlaska u misije)<\/li>\n<\/ol>\n","protected":false},"excerpt":{"rendered":"<p>Lista OSTALIH vjerou\u010ditelja u \u0161kolskoj godini 2024.\/2025. VJEROU\u010cITELJI S MANDATOM NA ODRE\u0110ENO: Du\u0161kovi\u0107, An\u0111elo Marceli\u0107, Nino Rogi\u0107, Vice &nbsp; VJEROU\u010cITELJI S ODOBRENJEM ZA RAD: Bobi\u0107, Duje Glasnovi\u0107, Jakov Glasnovi\u0107, Nikolina \u0106ibari\u0107, Marija Knez, Josip Kova\u010d, Ivana Mandi\u0107, Daniela Mio\u010di\u0107, Meri Rogi\u0107, Tea Vedri\u0107, Luka Vuleti\u0107, Julija VJEROU\u010cITELJI BEZ S ODOBRENJA ZA RAD (zbog nepolo\u017eenog stru\u010dnog [&hellip;]<\/p>\n","protected":false},"author":1,"featured_media":0,"parent":7,"menu_order":7,"comment_status":"closed","ping_status":"closed","template":"","meta":{"footnotes":""},"class_list":["post-3002","page","type-page","status-publish","hentry"],"_links":{"self":[{"href":"http:\/\/www.katehetski.zadarskanadbiskupija.hr\/index.php?rest_route=\/wp\/v2\/pages\/3002","targetHints":{"allow":["GET"]}}],"collection":[{"href":"http:\/\/www.katehetski.zadarskanadbiskupija.hr\/index.php?rest_route=\/wp\/v2\/pages"}],"about":[{"href":"http:\/\/www.katehetski.zadarskanadbiskupija.hr\/index.php?rest_route=\/wp\/v2\/types\/page"}],"author":[{"embeddable":true,"href":"http:\/\/www.katehetski.zadarskanadbiskupija.hr\/index.php?rest_route=\/wp\/v2\/users\/1"}],"replies":[{"embeddable":true,"href":"http:\/\/www.katehetski.zadarskanadbiskupija.hr\/index.php?rest_route=%2Fwp%2Fv2%2Fcomments&post=3002"}],"version-history":[{"count":47,"href":"http:\/\/www.katehetski.zadarskanadbiskupija.hr\/index.php?rest_route=\/wp\/v2\/pages\/3002\/revisions"}],"predecessor-version":[{"id":7448,"href":"http:\/\/www.katehetski.zadarskanadbiskupija.hr\/index.php?rest_route=\/wp\/v2\/pages\/3002\/revisions\/7448"}],"up":[{"embeddable":true,"href":"http:\/\/www.katehetski.zadarskanadbiskupija.hr\/index.php?rest_route=\/wp\/v2\/pages\/7"}],"wp:attachment":[{"href":"http:\/\/www.katehetski.zadarskanadbiskupija.hr\/index.php?rest_route=%2Fwp%2Fv2%2Fmedia&parent=3002"}],"curies":[{"name":"wp","href":"https:\/\/api.w.org\/{rel}","templated":true}]}}